{"id":127,"date":"2012-06-23T14:27:18","date_gmt":"2012-06-23T14:27:18","guid":{"rendered":"http:\/\/parafia-lipusz.pl\/?page_id=127"},"modified":"2020-04-19T07:46:28","modified_gmt":"2020-04-19T07:46:28","slug":"o-parafii-3","status":"publish","type":"page","link":"https:\/\/parafia-lipusz.pl\/?page_id=127","title":{"rendered":"O parafii"},"content":{"rendered":"<h1 style=\"text-align: center;\"><strong><em><span style=\"color: #008080;\">Parafia pw. \u015bw. Micha\u0142a Archanio\u0142a w Lipuszu<\/span><\/em><\/strong><\/h1>\n<div id=\"attachment_184\" style=\"width: 204px\" class=\"wp-caption alignleft\"><img loading=\"lazy\" decoding=\"async\" aria-describedby=\"caption-attachment-184\" class=\"size-medium wp-image-184 \" title=\"\u015aw. Micha\u0142 Archanio\u0142\" src=\"https:\/\/parafia-lipusz.pl\/wp-content\/uploads\/2012\/06\/sw._michal_archaniol-204x300.jpg\" alt=\"\" width=\"204\" height=\"300\"><p id=\"caption-attachment-184\" class=\"wp-caption-text\">\u015aw. Micha\u0142 Archanio\u0142<\/p><\/div>\n<p style=\"text-align: justify;\"><em>&nbsp;&nbsp;&nbsp;&nbsp;&nbsp;&nbsp;&nbsp;&nbsp;<\/em>&nbsp;&nbsp; Pierwsza wzmianka o parafii w Lipuszu pochodzi z 1398 roku, a jej powstanie historycy odnosz\u0105 do po\u0142. XIV wieku w czasach krzy\u00ad\u017cackich. W\u00f3wczas uposa\u017cono plebana 4 w\u0142\u00f3kami ziemi oraz wzniesiono ko\u015bci\u00f3\u0142, nale\u017c\u0105cy do dekanatu kiszewskiego, w 1 po\u0142. XVI wieku w\u0142\u0105czony do dekanatu tczewskiego, od ko\u0144ca XVI stulecia do dekanatu mirachowskiego, po 1821 roku w diecezji che\u0142mi\u0144skiej do dekanatu ko\u015bcierskiego. W 1534 roku wizyta\u00adtor biskupa w\u0142oc\u0142awskiego wymienia Lipusz jako nale\u017c\u0105cy do parafii w Ko\u015bcierzynie; by\u0107 mo\u017ce z powodu braku obsady ka\u00adp\u0142a\u0144skiej. W1583 roku jak zapisano w protokole wizytacyjnym biskupa Hieronima Rozdra\u017cewskiego ko\u015bci\u00f3\u0142 pw. \u015bw. Micha\u0142a Archanio\u0142a wymaga\u0142 naprawy, proboszcz zosta\u0142 negatywnie oce\u00adniony jako Masovita [&#8230;] valde rudis et ignarus, za\u015b nauczyciel nie mia\u0142 godnego utrzymania Kolejne wizytacje wypada\u0142y po\u00admy\u015blniej.<\/p>\n<div id=\"attachment_187\" style=\"width: 192px\" class=\"wp-caption alignright\"><img loading=\"lazy\" decoding=\"async\" aria-describedby=\"caption-attachment-187\" class=\" wp-image-187 \" title=\"Obecny ko\u015bci\u00f3\u0142 w Lipuszu\" src=\"https:\/\/parafia-lipusz.pl\/wp-content\/uploads\/2012\/06\/ko\u015bci\u00f3\u0142-150x144.jpg\" alt=\"\" width=\"192\" height=\"144\"><p id=\"caption-attachment-187\" class=\"wp-caption-text\">Obecny ko\u015bci\u00f3\u0142 w Lipuszu<\/p><\/div>\n<p style=\"text-align: justify;\">&nbsp;&nbsp;&nbsp;&nbsp;&nbsp;&nbsp;&nbsp;&nbsp;&nbsp;&nbsp;&nbsp; Wybudowany w 1739 roku ko\u015bci\u00f3\u0142 parafialny zast\u0105\u00adpi\u0142 starsz\u0105 \u015bwi\u0105tyni\u0119; zosta\u0142 po\u015bwi\u0119cony pw. \u015b\u015b Aposto\u0142\u00f3w Piotra i Paw\u0142a Wymieniona w lustracji z 1780 roku danina 70 korc\u00f3w \u017cyta i 50 korc\u00f3w pszenicy na rzecz proboszcza po\u00adtwierdza zamo\u017cno\u015b\u0107 wsi, kt\u00f3ra w XIX stuleciu statusem zbli\u017cy\u00ad\u0142a si\u0119 do ma\u0142ego miasteczka W latach 1866-67, w miejscu spa\u00adlonego, zosta\u0142 wzniesiony du\u017cy ceglany ko\u015bci\u00f3\u0142 w stylu neogo\u00adtyckim. Halowy, tr\u00f3jnawowy o pi\u0119knej konstrukcji ciesielskiej s\u0142up\u00f3w i stropu; elewacj\u0119 na zewn\u0105trz nad wej\u015bciem g\u0142\u00f3wnym wie\u0144czy sygnatura Wyposa\u017cenie wykonane z dba\u0142o\u015bci\u0105 o detal snycerski i jako\u015b\u0107 artystyczn\u0105 zachowuj\u0119 interesuj\u0105c\u0105 stylistyk\u0119 neogotyck\u0105.<\/p>\n<div id=\"attachment_190\" style=\"width: 150px\" class=\"wp-caption alignleft\"><img loading=\"lazy\" decoding=\"async\" aria-describedby=\"caption-attachment-190\" class=\"size-thumbnail wp-image-190 \" title=\"Matka Bo\u017ca z Dzieci\u0105tkiem\" src=\"https:\/\/parafia-lipusz.pl\/wp-content\/uploads\/2014\/10\/g\u0142\u00f3wne-150x150.jpg\" alt=\"\" width=\"150\" height=\"150\"><p id=\"caption-attachment-190\" class=\"wp-caption-text\">Matka Bo\u017ca z Dzieci\u0105tkiem<\/p><\/div>\n<p style=\"text-align: justify;\">&nbsp;&nbsp;&nbsp;&nbsp;&nbsp;&nbsp;&nbsp;&nbsp;&nbsp;&nbsp;&nbsp;&nbsp;&nbsp; Wkomponowana w o\u0142tarz figura Matki Bo\u017cej z Dzieci\u0105tkiem, barokowa z 1 po\u0142. XVIII w., pami\u0119ta poprzedni ko\u015bci\u00f3\u0142, a bywa nawet datowana na 1500 rok. Polichromia z pelpli\u0144skiego warsztatu Drapiewskich zrealizowana w okresie mi\u0119\u00addzywojennym dodaje \u015bwi\u0105tyni sakralnego klimatu. To w tym miejscu w latach 1891-92 przed o\u0142tarzem Pa\u0144skim kl\u0119ka\u0142 wi\u00adkariusz ks. Bernard \u0141osi\u0144ski, m\u0119czennik i S\u0142uga Bo\u017cy kt\u00f3rego pro\u00adces beatyfikacyjny prowadzi diecezja pelpli\u0144ska.<\/p>\n<div id=\"attachment_197\" style=\"width: 185px\" class=\"wp-caption alignright\"><img loading=\"lazy\" decoding=\"async\" aria-describedby=\"caption-attachment-197\" class=\"wp-image-197 \" title=\"Ks. Bernard \u0141osi\u0144ski\" src=\"https:\/\/parafia-lipusz.pl\/wp-content\/uploads\/2012\/06\/bernardlosinskiportret-185x300.png\" alt=\"Ks. Bernard \u0141osi\u0144ski\" width=\"185\" height=\"300\"><p id=\"caption-attachment-197\" class=\"wp-caption-text\">Ks. Bernard \u0141osi\u0144ski<\/p><\/div>\n<p style=\"text-align: justify;\">&nbsp;&nbsp;&nbsp;&nbsp;&nbsp;&nbsp;&nbsp;&nbsp;&nbsp; Proboszczem w latach 1947-1989 by\u0142 ks. Zygmunt Trze\u00adbiatowski, nast\u0119pnie od 1989 do 2002 roku ks. Stanis\u0142aw Mokwa Na terenie parafii, od 1996 roku zamieszkuje r\u00f3wnie\u017c ks. W\u0142adys\u0142aw Szulist, historyk i znawca Ko\u015bcio\u0142a Pomorskiego.<\/p>\n<p style=\"text-align: justify;\">&nbsp;&nbsp;&nbsp;&nbsp;&nbsp;&nbsp;&nbsp;&nbsp;&nbsp;&nbsp;&nbsp;&nbsp; Od 2002 roku pos\u0142ug\u0119 proboszcza wype\u0142nia ks. pra\u0142at Jan Antoni Ostrowski, wicedziekan, ojciec duchowny ksi\u0119\u017cy deka\u00adnatu ko\u015bcierskiego. W tradycyjn\u0105 Maryjn\u0105 pobo\u017cno\u015b\u0107 wiernych w\u0142\u0105cza pog\u0142\u0119bion\u0105 refleksj\u0119 zakorzenion\u0105 w nauczaniu papie\u017ca &#8211; Polaka Jana Paw\u0142a II, namiestnika Chrystusa na Kaszubach darzonego szczer\u0105 mi\u0142o\u015bci\u0105 &#8230;<\/p>\n<hr>\n<p><em><strong>Id\u017a do&#8230;<\/strong><\/em><\/p>\n<p><a title=\"Aktualno\u015bci\" href=\"https:\/\/parafia-lipusz.pl\/\">&gt;&gt;do strony g\u0142\u00f3wnej&lt;&lt;<\/a><\/p>\n","protected":false},"excerpt":{"rendered":"<p>Parafia pw. \u015bw. Micha\u0142a Archanio\u0142a w Lipuszu &nbsp;&nbsp;&nbsp;&nbsp;&nbsp;&nbsp;&nbsp;&nbsp;&nbsp;&nbsp; Pierwsza wzmianka o parafii w Lipuszu pochodzi z 1398 roku, a jej powstanie historycy odnosz\u0105 do po\u0142. XIV wieku w czasach krzy\u00ad\u017cackich. W\u00f3wczas uposa\u017cono plebana 4 w\u0142\u00f3kami ziemi oraz wzniesiono ko\u015bci\u00f3\u0142, nale\u017c\u0105cy do dekanatu kiszewskiego, w 1 po\u0142. XVI wieku w\u0142\u0105czony do dekanatu tczewskiego, od ko\u0144ca XVI &hellip; <\/p>\n<p><a class=\"more-link btn\" href=\"https:\/\/parafia-lipusz.pl\/?page_id=127\">Czytaj dalej<\/a><\/p>\n","protected":false},"author":1,"featured_media":0,"parent":0,"menu_order":0,"comment_status":"closed","ping_status":"closed","template":"","meta":{"ngg_post_thumbnail":0,"footnotes":""},"class_list":["post-127","page","type-page","status-publish","hentry","nodate","item-wrap"],"_links":{"self":[{"href":"https:\/\/parafia-lipusz.pl\/index.php?rest_route=\/wp\/v2\/pages\/127","targetHints":{"allow":["GET"]}}],"collection":[{"href":"https:\/\/parafia-lipusz.pl\/index.php?rest_route=\/wp\/v2\/pages"}],"about":[{"href":"https:\/\/parafia-lipusz.pl\/index.php?rest_route=\/wp\/v2\/types\/page"}],"author":[{"embeddable":true,"href":"https:\/\/parafia-lipusz.pl\/index.php?rest_route=\/wp\/v2\/users\/1"}],"replies":[{"embeddable":true,"href":"https:\/\/parafia-lipusz.pl\/index.php?rest_route=%2Fwp%2Fv2%2Fcomments&post=127"}],"version-history":[{"count":0,"href":"https:\/\/parafia-lipusz.pl\/index.php?rest_route=\/wp\/v2\/pages\/127\/revisions"}],"wp:attachment":[{"href":"https:\/\/parafia-lipusz.pl\/index.php?rest_route=%2Fwp%2Fv2%2Fmedia&parent=127"}],"curies":[{"name":"wp","href":"https:\/\/api.w.org\/{rel}","templated":true}]}}