{"id":17744,"date":"2023-12-20T11:41:34","date_gmt":"2023-12-20T11:41:34","guid":{"rendered":"https:\/\/parafia-lipusz.pl\/?page_id=17744"},"modified":"2023-12-20T11:41:34","modified_gmt":"2023-12-20T11:41:34","slug":"rodzinami-po-choinki","status":"publish","type":"page","link":"https:\/\/parafia-lipusz.pl\/?page_id=17744","title":{"rendered":"Rodzinami po choinki"},"content":{"rendered":"<p>Tradycyjnie przed \u015awi\u0119tami Bo\u017cego Narodzenia, 17 grudnia Rada Parafialna zaprosi\u0142a parafian i mi\u0142ych go\u015bci na kiermasz &#8222;Rodzinami po choinki&#8221;.&nbsp; Dzi\u0119kujemy z przygotowanie pocz\u0119stunku, a Pa\u0144stwu M\u0119czykowskim&nbsp; z Karpna dzi\u0119kujemy za dar ryb.<\/p>\nngg_shortcode_0_placeholder\n","protected":false},"excerpt":{"rendered":"<p>Tradycyjnie przed \u015awi\u0119tami Bo\u017cego Narodzenia, 17 grudnia Rada Parafialna zaprosi\u0142a parafian i mi\u0142ych go\u015bci na kiermasz &#8222;Rodzinami po choinki&#8221;.&nbsp; Dzi\u0119kujemy z przygotowanie pocz\u0119stunku, a Pa\u0144stwu M\u0119czykowskim&nbsp; z Karpna dzi\u0119kujemy za dar ryb. &nbsp;<\/p>\n","protected":false},"author":1,"featured_media":0,"parent":0,"menu_order":0,"comment_status":"closed","ping_status":"closed","template":"","meta":{"ngg_post_thumbnail":0,"footnotes":""},"class_list":["post-17744","page","type-page","status-publish","hentry","nodate","item-wrap"],"_links":{"self":[{"href":"https:\/\/parafia-lipusz.pl\/index.php?rest_route=\/wp\/v2\/pages\/17744","targetHints":{"allow":["GET"]}}],"collection":[{"href":"https:\/\/parafia-lipusz.pl\/index.php?rest_route=\/wp\/v2\/pages"}],"about":[{"href":"https:\/\/parafia-lipusz.pl\/index.php?rest_route=\/wp\/v2\/types\/page"}],"author":[{"embeddable":true,"href":"https:\/\/parafia-lipusz.pl\/index.php?rest_route=\/wp\/v2\/users\/1"}],"replies":[{"embeddable":true,"href":"https:\/\/parafia-lipusz.pl\/index.php?rest_route=%2Fwp%2Fv2%2Fcomments&post=17744"}],"version-history":[{"count":0,"href":"https:\/\/parafia-lipusz.pl\/index.php?rest_route=\/wp\/v2\/pages\/17744\/revisions"}],"wp:attachment":[{"href":"https:\/\/parafia-lipusz.pl\/index.php?rest_route=%2Fwp%2Fv2%2Fmedia&parent=17744"}],"curies":[{"name":"wp","href":"https:\/\/api.w.org\/{rel}","templated":true}]}}