{"id":17890,"date":"2024-01-16T08:37:33","date_gmt":"2024-01-16T08:37:33","guid":{"rendered":"https:\/\/parafia-lipusz.pl\/?page_id=17890"},"modified":"2024-01-16T08:37:33","modified_gmt":"2024-01-16T08:37:33","slug":"koncert-koled-i-pastoralek-nad-kaszubami-goreje-gwiazda","status":"publish","type":"page","link":"https:\/\/parafia-lipusz.pl\/?page_id=17890","title":{"rendered":"Koncert kol\u0119d i pastora\u0142ek \u201d NAD KASZUBAMI GOREJE GWIAZDA\u201d"},"content":{"rendered":"<p><em><span class=\"has-inline-color\">W niedziel\u0119 14 stycznia w naszym ko\u015bciele odby\u0142 si\u0119 koncert kol\u0119d i pastora\u0142ek<\/span><\/em><strong><em><span class=\"has-inline-color\"> \u201d NAD KASZUBAMI GOREJE GWIAZDA\u201d <\/span><\/em><\/strong>w wykonaniu Weroniki Korthals- wokal, oraz Paw\u0142a A. Nowaka-akordeon i aran\u017cacja.<\/p>\nngg_shortcode_0_placeholder\n","protected":false},"excerpt":{"rendered":"<p>W niedziel\u0119 14 stycznia w naszym ko\u015bciele odby\u0142 si\u0119 koncert kol\u0119d i pastora\u0142ek \u201d NAD KASZUBAMI GOREJE GWIAZDA\u201d w wykonaniu Weroniki Korthals- wokal, oraz Paw\u0142a A. Nowaka-akordeon i aran\u017cacja. &nbsp;<\/p>\n","protected":false},"author":1,"featured_media":0,"parent":0,"menu_order":0,"comment_status":"closed","ping_status":"closed","template":"","meta":{"ngg_post_thumbnail":0,"footnotes":""},"class_list":["post-17890","page","type-page","status-publish","hentry","nodate","item-wrap"],"_links":{"self":[{"href":"https:\/\/parafia-lipusz.pl\/index.php?rest_route=\/wp\/v2\/pages\/17890","targetHints":{"allow":["GET"]}}],"collection":[{"href":"https:\/\/parafia-lipusz.pl\/index.php?rest_route=\/wp\/v2\/pages"}],"about":[{"href":"https:\/\/parafia-lipusz.pl\/index.php?rest_route=\/wp\/v2\/types\/page"}],"author":[{"embeddable":true,"href":"https:\/\/parafia-lipusz.pl\/index.php?rest_route=\/wp\/v2\/users\/1"}],"replies":[{"embeddable":true,"href":"https:\/\/parafia-lipusz.pl\/index.php?rest_route=%2Fwp%2Fv2%2Fcomments&post=17890"}],"version-history":[{"count":0,"href":"https:\/\/parafia-lipusz.pl\/index.php?rest_route=\/wp\/v2\/pages\/17890\/revisions"}],"wp:attachment":[{"href":"https:\/\/parafia-lipusz.pl\/index.php?rest_route=%2Fwp%2Fv2%2Fmedia&parent=17890"}],"curies":[{"name":"wp","href":"https:\/\/api.w.org\/{rel}","templated":true}]}}