{"id":17920,"date":"2024-01-31T14:32:56","date_gmt":"2024-01-31T14:32:56","guid":{"rendered":"https:\/\/parafia-lipusz.pl\/?page_id=17920"},"modified":"2024-01-31T14:38:25","modified_gmt":"2024-01-31T14:38:25","slug":"peregrynacja-relikwii-blogoslawionej-rodziny-ulmow","status":"publish","type":"page","link":"https:\/\/parafia-lipusz.pl\/?page_id=17920","title":{"rendered":"Peregrynacja relikwii b\u0142ogos\u0142awionej Rodziny Ulm\u00f3w"},"content":{"rendered":"<p>W niedziel\u0119 28 stycznia br. o godz.17.00 uroczy\u015bcie zosta\u0142y wprowadzone do naszego ko\u015bcio\u0142a relikwie b\u0142. Rodziny Ulm\u00f3w. By\u0142&nbsp; to szczeg\u00f3lny czas wsp\u00f3lnej modlitwy i pro\u015bby, aby wszystkie nasze rodziny wsparte or\u0119downictwem b\u0142ogos\u0142awionych by\u0142y \u201eBogiem silne\u201d.<\/p>\nngg_shortcode_0_placeholder\n","protected":false},"excerpt":{"rendered":"<p>W niedziel\u0119 28 stycznia br. o godz.17.00 uroczy\u015bcie zosta\u0142y wprowadzone do naszego ko\u015bcio\u0142a relikwie b\u0142. Rodziny Ulm\u00f3w. By\u0142&nbsp; to szczeg\u00f3lny czas wsp\u00f3lnej modlitwy i pro\u015bby, aby wszystkie nasze rodziny wsparte or\u0119downictwem b\u0142ogos\u0142awionych by\u0142y \u201eBogiem silne\u201d.<\/p>\n","protected":false},"author":1,"featured_media":0,"parent":0,"menu_order":0,"comment_status":"closed","ping_status":"closed","template":"","meta":{"ngg_post_thumbnail":0,"footnotes":""},"class_list":["post-17920","page","type-page","status-publish","hentry","nodate","item-wrap"],"_links":{"self":[{"href":"https:\/\/parafia-lipusz.pl\/index.php?rest_route=\/wp\/v2\/pages\/17920","targetHints":{"allow":["GET"]}}],"collection":[{"href":"https:\/\/parafia-lipusz.pl\/index.php?rest_route=\/wp\/v2\/pages"}],"about":[{"href":"https:\/\/parafia-lipusz.pl\/index.php?rest_route=\/wp\/v2\/types\/page"}],"author":[{"embeddable":true,"href":"https:\/\/parafia-lipusz.pl\/index.php?rest_route=\/wp\/v2\/users\/1"}],"replies":[{"embeddable":true,"href":"https:\/\/parafia-lipusz.pl\/index.php?rest_route=%2Fwp%2Fv2%2Fcomments&post=17920"}],"version-history":[{"count":0,"href":"https:\/\/parafia-lipusz.pl\/index.php?rest_route=\/wp\/v2\/pages\/17920\/revisions"}],"wp:attachment":[{"href":"https:\/\/parafia-lipusz.pl\/index.php?rest_route=%2Fwp%2Fv2%2Fmedia&parent=17920"}],"curies":[{"name":"wp","href":"https:\/\/api.w.org\/{rel}","templated":true}]}}