{"id":18087,"date":"2024-03-30T17:20:40","date_gmt":"2024-03-30T17:20:40","guid":{"rendered":"https:\/\/parafia-lipusz.pl\/?page_id=18087"},"modified":"2024-04-13T06:34:11","modified_gmt":"2024-04-13T06:34:11","slug":"wielka-sobota-poswiecenie-pokarmow","status":"publish","type":"page","link":"https:\/\/parafia-lipusz.pl\/?page_id=18087","title":{"rendered":"Triduum Pashalne"},"content":{"rendered":"<p><strong><span style=\"font-size: 18pt;\">Wielki Czwartek<\/span><\/strong><\/p>\n<p>ngg_shortcode_0_placeholder<strong><span style=\"font-size: 18pt;\">Wigilia Paschalna<\/span><\/strong><\/p>\n<p>ngg_shortcode_1_placeholder<strong><span style=\"font-size: 18pt;\">Wielka Sobota- Po\u015bwi\u0119cenie pokarm\u00f3w<\/span><\/strong><\/p>\nngg_shortcode_2_placeholder\n","protected":false},"excerpt":{"rendered":"<p>Wielki Czwartek Wigilia Paschalna Wielka Sobota- Po\u015bwi\u0119cenie pokarm\u00f3w<\/p>\n","protected":false},"author":1,"featured_media":0,"parent":0,"menu_order":0,"comment_status":"closed","ping_status":"closed","template":"","meta":{"ngg_post_thumbnail":0,"footnotes":""},"class_list":["post-18087","page","type-page","status-publish","hentry","nodate","item-wrap"],"_links":{"self":[{"href":"https:\/\/parafia-lipusz.pl\/index.php?rest_route=\/wp\/v2\/pages\/18087","targetHints":{"allow":["GET"]}}],"collection":[{"href":"https:\/\/parafia-lipusz.pl\/index.php?rest_route=\/wp\/v2\/pages"}],"about":[{"href":"https:\/\/parafia-lipusz.pl\/index.php?rest_route=\/wp\/v2\/types\/page"}],"author":[{"embeddable":true,"href":"https:\/\/parafia-lipusz.pl\/index.php?rest_route=\/wp\/v2\/users\/1"}],"replies":[{"embeddable":true,"href":"https:\/\/parafia-lipusz.pl\/index.php?rest_route=%2Fwp%2Fv2%2Fcomments&post=18087"}],"version-history":[{"count":0,"href":"https:\/\/parafia-lipusz.pl\/index.php?rest_route=\/wp\/v2\/pages\/18087\/revisions"}],"wp:attachment":[{"href":"https:\/\/parafia-lipusz.pl\/index.php?rest_route=%2Fwp%2Fv2%2Fmedia&parent=18087"}],"curies":[{"name":"wp","href":"https:\/\/api.w.org\/{rel}","templated":true}]}}