{"id":18329,"date":"2024-05-29T10:14:33","date_gmt":"2024-05-29T10:14:33","guid":{"rendered":"https:\/\/parafia-lipusz.pl\/?page_id=18329"},"modified":"2024-05-29T10:14:33","modified_gmt":"2024-05-29T10:14:33","slug":"pierwsza-komunia-swieta-2","status":"publish","type":"page","link":"https:\/\/parafia-lipusz.pl\/?page_id=18329","title":{"rendered":"Pierwsza Komunia \u015awi\u0119ta"},"content":{"rendered":"<p>W niedziel\u0119 19 maja w naszej parafii 44 dzieci przyst\u0105pi\u0142o&nbsp; do Pierwszej Uroczystej Komunii \u015awi\u0119tej.<\/p>\nngg_shortcode_0_placeholder\n","protected":false},"excerpt":{"rendered":"<p>W niedziel\u0119 19 maja w naszej parafii 44 dzieci przyst\u0105pi\u0142o&nbsp; do Pierwszej Uroczystej Komunii \u015awi\u0119tej.<\/p>\n","protected":false},"author":1,"featured_media":0,"parent":0,"menu_order":0,"comment_status":"closed","ping_status":"closed","template":"","meta":{"ngg_post_thumbnail":0,"footnotes":""},"class_list":["post-18329","page","type-page","status-publish","hentry","nodate","item-wrap"],"_links":{"self":[{"href":"https:\/\/parafia-lipusz.pl\/index.php?rest_route=\/wp\/v2\/pages\/18329","targetHints":{"allow":["GET"]}}],"collection":[{"href":"https:\/\/parafia-lipusz.pl\/index.php?rest_route=\/wp\/v2\/pages"}],"about":[{"href":"https:\/\/parafia-lipusz.pl\/index.php?rest_route=\/wp\/v2\/types\/page"}],"author":[{"embeddable":true,"href":"https:\/\/parafia-lipusz.pl\/index.php?rest_route=\/wp\/v2\/users\/1"}],"replies":[{"embeddable":true,"href":"https:\/\/parafia-lipusz.pl\/index.php?rest_route=%2Fwp%2Fv2%2Fcomments&post=18329"}],"version-history":[{"count":0,"href":"https:\/\/parafia-lipusz.pl\/index.php?rest_route=\/wp\/v2\/pages\/18329\/revisions"}],"wp:attachment":[{"href":"https:\/\/parafia-lipusz.pl\/index.php?rest_route=%2Fwp%2Fv2%2Fmedia&parent=18329"}],"curies":[{"name":"wp","href":"https:\/\/api.w.org\/{rel}","templated":true}]}}