{"id":18378,"date":"2024-06-01T15:40:03","date_gmt":"2024-06-01T15:40:03","guid":{"rendered":"https:\/\/parafia-lipusz.pl\/?page_id=18378"},"modified":"2024-06-01T15:40:03","modified_gmt":"2024-06-01T15:40:03","slug":"wycieczka-rowerowa-ministrantow","status":"publish","type":"page","link":"https:\/\/parafia-lipusz.pl\/?page_id=18378","title":{"rendered":"Wycieczka rowerowa ministrant\u00f3w"},"content":{"rendered":"<p>W sobot\u0119 25 maja 2024r. ministranci pod opiek\u0105 ksi\u0119dza wikariusza Mateusza udali si\u0119 na wycieczk\u0119 rowerow\u0105 do P\u0142ocic.<\/p>\nngg_shortcode_0_placeholder\n","protected":false},"excerpt":{"rendered":"<p>W sobot\u0119 25 maja 2024r. ministranci pod opiek\u0105 ksi\u0119dza wikariusza Mateusza udali si\u0119 na wycieczk\u0119 rowerow\u0105 do P\u0142ocic.<\/p>\n","protected":false},"author":1,"featured_media":0,"parent":0,"menu_order":0,"comment_status":"closed","ping_status":"closed","template":"","meta":{"ngg_post_thumbnail":0,"footnotes":""},"class_list":["post-18378","page","type-page","status-publish","hentry","nodate","item-wrap"],"_links":{"self":[{"href":"https:\/\/parafia-lipusz.pl\/index.php?rest_route=\/wp\/v2\/pages\/18378","targetHints":{"allow":["GET"]}}],"collection":[{"href":"https:\/\/parafia-lipusz.pl\/index.php?rest_route=\/wp\/v2\/pages"}],"about":[{"href":"https:\/\/parafia-lipusz.pl\/index.php?rest_route=\/wp\/v2\/types\/page"}],"author":[{"embeddable":true,"href":"https:\/\/parafia-lipusz.pl\/index.php?rest_route=\/wp\/v2\/users\/1"}],"replies":[{"embeddable":true,"href":"https:\/\/parafia-lipusz.pl\/index.php?rest_route=%2Fwp%2Fv2%2Fcomments&post=18378"}],"version-history":[{"count":0,"href":"https:\/\/parafia-lipusz.pl\/index.php?rest_route=\/wp\/v2\/pages\/18378\/revisions"}],"wp:attachment":[{"href":"https:\/\/parafia-lipusz.pl\/index.php?rest_route=%2Fwp%2Fv2%2Fmedia&parent=18378"}],"curies":[{"name":"wp","href":"https:\/\/api.w.org\/{rel}","templated":true}]}}