{"id":18646,"date":"2024-08-09T08:20:19","date_gmt":"2024-08-09T08:20:19","guid":{"rendered":"https:\/\/parafia-lipusz.pl\/?page_id=18646"},"modified":"2024-08-09T08:20:19","modified_gmt":"2024-08-09T08:20:19","slug":"odpust-przemienienia-panskiego-4","status":"publish","type":"page","link":"https:\/\/parafia-lipusz.pl\/?page_id=18646","title":{"rendered":"Odpust Przemienienia Pa\u0144skiego"},"content":{"rendered":"<p>W dniu 04.08.2024r. w naszej parafii odby\u0142 si\u0119 Odpust Przemienienia Pa\u0144skiego. W tym dniu do naszego ko\u015bcio\u0142a zosta\u0142y uroczy\u015bcie wniesione relikwie b\u0142. Rodziny Ulm\u00f3w.<\/p>\nngg_shortcode_0_placeholder\n","protected":false},"excerpt":{"rendered":"<p>W dniu 04.08.2024r. w naszej parafii odby\u0142 si\u0119 Odpust Przemienienia Pa\u0144skiego. W tym dniu do naszego ko\u015bcio\u0142a zosta\u0142y uroczy\u015bcie wniesione relikwie b\u0142. Rodziny Ulm\u00f3w.<\/p>\n","protected":false},"author":1,"featured_media":0,"parent":0,"menu_order":0,"comment_status":"closed","ping_status":"closed","template":"","meta":{"ngg_post_thumbnail":0,"footnotes":""},"class_list":["post-18646","page","type-page","status-publish","hentry","nodate","item-wrap"],"_links":{"self":[{"href":"https:\/\/parafia-lipusz.pl\/index.php?rest_route=\/wp\/v2\/pages\/18646","targetHints":{"allow":["GET"]}}],"collection":[{"href":"https:\/\/parafia-lipusz.pl\/index.php?rest_route=\/wp\/v2\/pages"}],"about":[{"href":"https:\/\/parafia-lipusz.pl\/index.php?rest_route=\/wp\/v2\/types\/page"}],"author":[{"embeddable":true,"href":"https:\/\/parafia-lipusz.pl\/index.php?rest_route=\/wp\/v2\/users\/1"}],"replies":[{"embeddable":true,"href":"https:\/\/parafia-lipusz.pl\/index.php?rest_route=%2Fwp%2Fv2%2Fcomments&post=18646"}],"version-history":[{"count":0,"href":"https:\/\/parafia-lipusz.pl\/index.php?rest_route=\/wp\/v2\/pages\/18646\/revisions"}],"wp:attachment":[{"href":"https:\/\/parafia-lipusz.pl\/index.php?rest_route=%2Fwp%2Fv2%2Fmedia&parent=18646"}],"curies":[{"name":"wp","href":"https:\/\/api.w.org\/{rel}","templated":true}]}}