{"id":18690,"date":"2024-08-26T10:10:35","date_gmt":"2024-08-26T10:10:35","guid":{"rendered":"https:\/\/parafia-lipusz.pl\/?page_id=18690"},"modified":"2024-08-26T10:13:32","modified_gmt":"2024-08-26T10:13:32","slug":"vii-rocznica-nawalnicy","status":"publish","type":"page","link":"https:\/\/parafia-lipusz.pl\/?page_id=18690","title":{"rendered":"VII rocznica nawa\u0142nicy"},"content":{"rendered":"<p>Tradycyjnie parafianie z Lipusza zgromadzili si\u0119 11 sierpnia na wsp\u00f3lnej modlitwie przy pomniku &#8222;Wdzi\u0119czni za ocalone \u017cycie&#8221;.<\/p>\nngg_shortcode_0_placeholder\n","protected":false},"excerpt":{"rendered":"<p>Tradycyjnie parafianie z Lipusza zgromadzili si\u0119 11 sierpnia na wsp\u00f3lnej modlitwie przy pomniku &#8222;Wdzi\u0119czni za ocalone \u017cycie&#8221;.<\/p>\n","protected":false},"author":1,"featured_media":0,"parent":0,"menu_order":0,"comment_status":"closed","ping_status":"closed","template":"","meta":{"ngg_post_thumbnail":0,"footnotes":""},"class_list":["post-18690","page","type-page","status-publish","hentry","nodate","item-wrap"],"_links":{"self":[{"href":"https:\/\/parafia-lipusz.pl\/index.php?rest_route=\/wp\/v2\/pages\/18690","targetHints":{"allow":["GET"]}}],"collection":[{"href":"https:\/\/parafia-lipusz.pl\/index.php?rest_route=\/wp\/v2\/pages"}],"about":[{"href":"https:\/\/parafia-lipusz.pl\/index.php?rest_route=\/wp\/v2\/types\/page"}],"author":[{"embeddable":true,"href":"https:\/\/parafia-lipusz.pl\/index.php?rest_route=\/wp\/v2\/users\/1"}],"replies":[{"embeddable":true,"href":"https:\/\/parafia-lipusz.pl\/index.php?rest_route=%2Fwp%2Fv2%2Fcomments&post=18690"}],"version-history":[{"count":0,"href":"https:\/\/parafia-lipusz.pl\/index.php?rest_route=\/wp\/v2\/pages\/18690\/revisions"}],"wp:attachment":[{"href":"https:\/\/parafia-lipusz.pl\/index.php?rest_route=%2Fwp%2Fv2%2Fmedia&parent=18690"}],"curies":[{"name":"wp","href":"https:\/\/api.w.org\/{rel}","templated":true}]}}