{"id":18703,"date":"2024-08-26T10:15:55","date_gmt":"2024-08-26T10:15:55","guid":{"rendered":"https:\/\/parafia-lipusz.pl\/?page_id=18703"},"modified":"2024-08-26T10:15:55","modified_gmt":"2024-08-26T10:15:55","slug":"pozegnanie-ks-wikariusza","status":"publish","type":"page","link":"https:\/\/parafia-lipusz.pl\/?page_id=18703","title":{"rendered":"Po\u017cegnanie Ks. Wikariusza\u00a0"},"content":{"rendered":"<p>18 sierpnia po\u017cegnali\u015bmy Ks. Wikariusza Mateusza Meyer, kt\u00f3ry 20 sierpnia rozpocz\u0105\u0142 pos\u0142ug\u0119 kap\u0142a\u0144sk\u0105 w parafii \u015bw. Micha\u0142a Archanio\u0142a w Skarszewach.<\/p>\nngg_shortcode_0_placeholder\n","protected":false},"excerpt":{"rendered":"<p>18 sierpnia po\u017cegnali\u015bmy Ks. Wikariusza Mateusza Meyer, kt\u00f3ry 20 sierpnia rozpocz\u0105\u0142 pos\u0142ug\u0119 kap\u0142a\u0144sk\u0105 w parafii \u015bw. Micha\u0142a Archanio\u0142a w Skarszewach.<\/p>\n","protected":false},"author":1,"featured_media":0,"parent":0,"menu_order":0,"comment_status":"closed","ping_status":"closed","template":"","meta":{"ngg_post_thumbnail":0,"footnotes":""},"class_list":["post-18703","page","type-page","status-publish","hentry","nodate","item-wrap"],"_links":{"self":[{"href":"https:\/\/parafia-lipusz.pl\/index.php?rest_route=\/wp\/v2\/pages\/18703","targetHints":{"allow":["GET"]}}],"collection":[{"href":"https:\/\/parafia-lipusz.pl\/index.php?rest_route=\/wp\/v2\/pages"}],"about":[{"href":"https:\/\/parafia-lipusz.pl\/index.php?rest_route=\/wp\/v2\/types\/page"}],"author":[{"embeddable":true,"href":"https:\/\/parafia-lipusz.pl\/index.php?rest_route=\/wp\/v2\/users\/1"}],"replies":[{"embeddable":true,"href":"https:\/\/parafia-lipusz.pl\/index.php?rest_route=%2Fwp%2Fv2%2Fcomments&post=18703"}],"version-history":[{"count":0,"href":"https:\/\/parafia-lipusz.pl\/index.php?rest_route=\/wp\/v2\/pages\/18703\/revisions"}],"wp:attachment":[{"href":"https:\/\/parafia-lipusz.pl\/index.php?rest_route=%2Fwp%2Fv2%2Fmedia&parent=18703"}],"curies":[{"name":"wp","href":"https:\/\/api.w.org\/{rel}","templated":true}]}}