{"id":19157,"date":"2024-10-20T11:06:28","date_gmt":"2024-10-20T11:06:28","guid":{"rendered":"https:\/\/parafia-lipusz.pl\/?page_id=19157"},"modified":"2025-06-20T08:32:51","modified_gmt":"2025-06-20T08:32:51","slug":"galeria-2","status":"publish","type":"page","link":"https:\/\/parafia-lipusz.pl\/?page_id=19157","title":{"rendered":"Galeria"},"content":{"rendered":"<p>&nbsp;<\/p>\n<p><span style=\"font-size: 24pt; color: #993300;\">Bo\u017ce Cia\u0142o 2025.<\/span><\/p>\nngg_shortcode_0_placeholder\n<p><span style=\"font-size: 24pt; color: #993300;\">Lany Poniedzia\u0142ek 2025.<\/span><\/p>\nngg_shortcode_1_placeholder\n<p><span style=\"font-size: 24pt; color: #993300;\">Wigilia Paschalna &nbsp;2025.<\/span><\/p>\nngg_shortcode_2_placeholder\n<p><span style=\"font-size: 24pt; color: #993300;\">\u015awi\u0119cenie Pokarm\u00f3w &nbsp;2025.<\/span><\/p>\nngg_shortcode_3_placeholder\n<p><span style=\"font-size: 24pt; color: #993300;\">Wielki Pi\u0105tek &nbsp;2025.<\/span><\/p>\nngg_shortcode_4_placeholder\n<p><span style=\"font-size: 24pt; color: #993300;\">Wielki Czwartek &nbsp;2025.<\/span><\/p>\nngg_shortcode_5_placeholder\n<p><span style=\"font-size: 24pt; color: #993300;\">Droga Krzy\u017cowa 2025.<\/span><\/p>\n<p>ngg_shortcode_6_placeholder<span style=\"font-size: 24pt; color: #993300;\">Orszak Trzech Kr\u00f3li.<\/span><\/p>\nngg_shortcode_7_placeholder\n<p><span style=\"font-size: 24pt; color: #993300;\">Rodzinami po choinki.<\/span><\/p>\nngg_shortcode_8_placeholder\n<p><span style=\"font-size: 24pt; color: #993300;\">Miko\u0142ajki 2024.&nbsp;<\/span><\/p>\nngg_shortcode_9_placeholder\n<p><span style=\"font-size: 24pt; color: #993300;\">&nbsp;Dekanalne rozgrywki w pi\u0142k\u0119 halow\u0105 ministrant\u00f3w.<\/span><\/p>\nngg_shortcode_10_placeholder\n<p style=\"text-align: center;\"><span style=\"font-size: 24pt; color: #993300;\">Uroczysto\u015bci religijno-patriotyczne w Karpnie.<\/span><a href=\"https:\/\/parafia-lipusz.pl\/wp-content\/uploads\/2024\/10\/IMG_6142-scaled.jpeg\"><br \/>\n<\/a>&nbsp; &nbsp;<\/p>\nngg_shortcode_11_placeholder\n<p style=\"text-align: center;\"><span style=\"font-size: 24pt; color: #993300;\">Nabo\u017ce\u0144stwo R\u00f3\u017ca\u0144cowe.<\/span><\/p>\n<p>&nbsp;<\/p>\n\n\t\t<style type=\"text\/css\">\n\t\t\t#gallery-1 {\n\t\t\t\tmargin: auto;\n\t\t\t}\n\t\t\t#gallery-1 .gallery-item {\n\t\t\t\tfloat: left;\n\t\t\t\tmargin-top: 10px;\n\t\t\t\ttext-align: center;\n\t\t\t\twidth: 50%;\n\t\t\t}\n\t\t\t#gallery-1 img {\n\t\t\t\tborder: 2px solid #cfcfcf;\n\t\t\t}\n\t\t\t#gallery-1 .gallery-caption {\n\t\t\t\tmargin-left: 0;\n\t\t\t}\n\t\t\t\/* see gallery_shortcode() in wp-includes\/media.php *\/\n\t\t<\/style>\n\t\t<div id='gallery-1' class='gallery galleryid-19157 gallery-columns-2 gallery-size-thumbnail'><dl class='gallery-item'>\n\t\t\t<dt class='gallery-icon portrait'>\n\t\t\t\t<a href='https:\/\/parafia-lipusz.pl\/?attachment_id=19255'><img loading=\"lazy\" decoding=\"async\" width=\"150\" height=\"150\" src=\"https:\/\/parafia-lipusz.pl\/wp-content\/uploads\/2024\/10\/IMG_6368-150x150.jpeg\" class=\"attachment-thumbnail size-thumbnail\" alt=\"\" \/><\/a>\n\t\t\t<\/dt><\/dl><dl class='gallery-item'>\n\t\t\t<dt class='gallery-icon portrait'>\n\t\t\t\t<a href='https:\/\/parafia-lipusz.pl\/?attachment_id=19256'><img loading=\"lazy\" decoding=\"async\" width=\"150\" height=\"150\" src=\"https:\/\/parafia-lipusz.pl\/wp-content\/uploads\/2024\/10\/IMG_6372-150x150.jpeg\" class=\"attachment-thumbnail size-thumbnail\" alt=\"\" \/><\/a>\n\t\t\t<\/dt><\/dl><br style=\"clear: both\" \/><dl class='gallery-item'>\n\t\t\t<dt class='gallery-icon portrait'>\n\t\t\t\t<a href='https:\/\/parafia-lipusz.pl\/?attachment_id=19257'><img loading=\"lazy\" decoding=\"async\" width=\"150\" height=\"150\" src=\"https:\/\/parafia-lipusz.pl\/wp-content\/uploads\/2024\/10\/IMG_6383-150x150.jpeg\" class=\"attachment-thumbnail size-thumbnail\" alt=\"\" \/><\/a>\n\t\t\t<\/dt><\/dl><dl class='gallery-item'>\n\t\t\t<dt class='gallery-icon landscape'>\n\t\t\t\t<a href='https:\/\/parafia-lipusz.pl\/?attachment_id=19258'><img loading=\"lazy\" decoding=\"async\" width=\"150\" height=\"150\" src=\"https:\/\/parafia-lipusz.pl\/wp-content\/uploads\/2024\/10\/IMG_6392-150x150.jpeg\" class=\"attachment-thumbnail size-thumbnail\" alt=\"\" \/><\/a>\n\t\t\t<\/dt><\/dl><br style=\"clear: both\" \/><dl class='gallery-item'>\n\t\t\t<dt class='gallery-icon landscape'>\n\t\t\t\t<a href='https:\/\/parafia-lipusz.pl\/?attachment_id=19259'><img loading=\"lazy\" decoding=\"async\" width=\"150\" height=\"150\" src=\"https:\/\/parafia-lipusz.pl\/wp-content\/uploads\/2024\/10\/IMG_6393-150x150.jpeg\" class=\"attachment-thumbnail size-thumbnail\" alt=\"\" \/><\/a>\n\t\t\t<\/dt><\/dl><dl class='gallery-item'>\n\t\t\t<dt class='gallery-icon portrait'>\n\t\t\t\t<a href='https:\/\/parafia-lipusz.pl\/?attachment_id=19260'><img loading=\"lazy\" decoding=\"async\" width=\"150\" height=\"150\" src=\"https:\/\/parafia-lipusz.pl\/wp-content\/uploads\/2024\/10\/IMG_6403-150x150.jpeg\" class=\"attachment-thumbnail size-thumbnail\" alt=\"\" \/><\/a>\n\t\t\t<\/dt><\/dl><br style=\"clear: both\" \/><dl class='gallery-item'>\n\t\t\t<dt class='gallery-icon portrait'>\n\t\t\t\t<a href='https:\/\/parafia-lipusz.pl\/?attachment_id=19261'><img loading=\"lazy\" decoding=\"async\" width=\"150\" height=\"150\" src=\"https:\/\/parafia-lipusz.pl\/wp-content\/uploads\/2024\/10\/IMG_6402-150x150.jpeg\" class=\"attachment-thumbnail size-thumbnail\" alt=\"\" \/><\/a>\n\t\t\t<\/dt><\/dl>\n\t\t\t<br style='clear: both' \/>\n\t\t<\/div>\n\n<p>&nbsp;<\/p>\n<p style=\"text-align: center;\"><span style=\"font-size: 24pt; color: #993300;\">Kaplica przed pogrzebowa po remoncie.<\/span><\/p>\n\n\t\t<style type=\"text\/css\">\n\t\t\t#gallery-2 {\n\t\t\t\tmargin: auto;\n\t\t\t}\n\t\t\t#gallery-2 .gallery-item {\n\t\t\t\tfloat: left;\n\t\t\t\tmargin-top: 10px;\n\t\t\t\ttext-align: center;\n\t\t\t\twidth: 50%;\n\t\t\t}\n\t\t\t#gallery-2 img {\n\t\t\t\tborder: 2px solid #cfcfcf;\n\t\t\t}\n\t\t\t#gallery-2 .gallery-caption {\n\t\t\t\tmargin-left: 0;\n\t\t\t}\n\t\t\t\/* see gallery_shortcode() in wp-includes\/media.php *\/\n\t\t<\/style>\n\t\t<div id='gallery-2' class='gallery galleryid-19157 gallery-columns-2 gallery-size-thumbnail'><dl class='gallery-item'>\n\t\t\t<dt class='gallery-icon portrait'>\n\t\t\t\t<a href='https:\/\/parafia-lipusz.pl\/?attachment_id=19262'><img loading=\"lazy\" decoding=\"async\" width=\"150\" height=\"150\" src=\"https:\/\/parafia-lipusz.pl\/wp-content\/uploads\/2024\/10\/IMG_6423-150x150.jpeg\" class=\"attachment-thumbnail size-thumbnail\" alt=\"\" \/><\/a>\n\t\t\t<\/dt><\/dl><dl class='gallery-item'>\n\t\t\t<dt class='gallery-icon portrait'>\n\t\t\t\t<a href='https:\/\/parafia-lipusz.pl\/?attachment_id=19263'><img loading=\"lazy\" decoding=\"async\" width=\"150\" height=\"150\" src=\"https:\/\/parafia-lipusz.pl\/wp-content\/uploads\/2024\/10\/IMG_6420-150x150.jpeg\" class=\"attachment-thumbnail size-thumbnail\" alt=\"\" \/><\/a>\n\t\t\t<\/dt><\/dl><br style=\"clear: both\" \/><dl class='gallery-item'>\n\t\t\t<dt class='gallery-icon portrait'>\n\t\t\t\t<a href='https:\/\/parafia-lipusz.pl\/?attachment_id=19264'><img loading=\"lazy\" decoding=\"async\" width=\"150\" height=\"150\" src=\"https:\/\/parafia-lipusz.pl\/wp-content\/uploads\/2024\/10\/IMG_6417-150x150.jpeg\" class=\"attachment-thumbnail size-thumbnail\" alt=\"\" \/><\/a>\n\t\t\t<\/dt><\/dl><dl class='gallery-item'>\n\t\t\t<dt class='gallery-icon portrait'>\n\t\t\t\t<a href='https:\/\/parafia-lipusz.pl\/?attachment_id=19265'><img loading=\"lazy\" decoding=\"async\" width=\"150\" height=\"150\" src=\"https:\/\/parafia-lipusz.pl\/wp-content\/uploads\/2024\/10\/IMG_6413-150x150.jpeg\" class=\"attachment-thumbnail size-thumbnail\" alt=\"\" \/><\/a>\n\t\t\t<\/dt><\/dl><br style=\"clear: both\" \/><dl class='gallery-item'>\n\t\t\t<dt class='gallery-icon portrait'>\n\t\t\t\t<a href='https:\/\/parafia-lipusz.pl\/?attachment_id=19266'><img loading=\"lazy\" decoding=\"async\" width=\"150\" height=\"150\" src=\"https:\/\/parafia-lipusz.pl\/wp-content\/uploads\/2024\/10\/IMG_6414-150x150.jpeg\" class=\"attachment-thumbnail size-thumbnail\" alt=\"\" \/><\/a>\n\t\t\t<\/dt><\/dl>\n\t\t\t<br style='clear: both' \/>\n\t\t<\/div>\n\nngg_shortcode_12_placeholder\n","protected":false},"excerpt":{"rendered":"<p>&nbsp; Bo\u017ce Cia\u0142o 2025. &nbsp; Lany Poniedzia\u0142ek 2025. &nbsp; Wigilia Paschalna &nbsp;2025. &nbsp; \u015awi\u0119cenie Pokarm\u00f3w &nbsp;2025. &nbsp; Wielki Pi\u0105tek &nbsp;2025. &nbsp; Wielki Czwartek &nbsp;2025. &nbsp; Droga Krzy\u017cowa 2025. Orszak Trzech Kr\u00f3li. &nbsp; Rodzinami po choinki. &nbsp; Miko\u0142ajki 2024.&nbsp; &nbsp; &nbsp;Dekanalne rozgrywki w pi\u0142k\u0119 halow\u0105 ministrant\u00f3w. &nbsp; Uroczysto\u015bci religijno-patriotyczne w Karpnie. &nbsp; &nbsp; &nbsp; Nabo\u017ce\u0144stwo R\u00f3\u017ca\u0144cowe. &hellip; <\/p>\n<p><a class=\"more-link btn\" href=\"https:\/\/parafia-lipusz.pl\/?page_id=19157\">Czytaj dalej<\/a><\/p>\n","protected":false},"author":1,"featured_media":0,"parent":0,"menu_order":0,"comment_status":"closed","ping_status":"closed","template":"","meta":{"ngg_post_thumbnail":0,"footnotes":""},"class_list":["post-19157","page","type-page","status-publish","hentry","nodate","item-wrap"],"_links":{"self":[{"href":"https:\/\/parafia-lipusz.pl\/index.php?rest_route=\/wp\/v2\/pages\/19157","targetHints":{"allow":["GET"]}}],"collection":[{"href":"https:\/\/parafia-lipusz.pl\/index.php?rest_route=\/wp\/v2\/pages"}],"about":[{"href":"https:\/\/parafia-lipusz.pl\/index.php?rest_route=\/wp\/v2\/types\/page"}],"author":[{"embeddable":true,"href":"https:\/\/parafia-lipusz.pl\/index.php?rest_route=\/wp\/v2\/users\/1"}],"replies":[{"embeddable":true,"href":"https:\/\/parafia-lipusz.pl\/index.php?rest_route=%2Fwp%2Fv2%2Fcomments&post=19157"}],"version-history":[{"count":0,"href":"https:\/\/parafia-lipusz.pl\/index.php?rest_route=\/wp\/v2\/pages\/19157\/revisions"}],"wp:attachment":[{"href":"https:\/\/parafia-lipusz.pl\/index.php?rest_route=%2Fwp%2Fv2%2Fmedia&parent=19157"}],"curies":[{"name":"wp","href":"https:\/\/api.w.org\/{rel}","templated":true}]}}