{"id":22809,"date":"2025-07-23T13:58:22","date_gmt":"2025-07-23T13:58:22","guid":{"rendered":"https:\/\/parafia-lipusz.pl\/?page_id=22809"},"modified":"2025-07-23T14:09:25","modified_gmt":"2025-07-23T14:09:25","slug":"poswiecenie-pojazdow","status":"publish","type":"page","link":"https:\/\/parafia-lipusz.pl\/?page_id=22809","title":{"rendered":"Po\u015bwi\u0119cenie pojazd\u00f3w 2025"},"content":{"rendered":"<p>ngg_shortcode_0_placeholder<div style=\"width: 750px;\" class=\"wp-video\"><video class=\"wp-video-shortcode\" id=\"video-22809-1\" width=\"750\" height=\"422\" preload=\"metadata\" controls=\"controls\"><source type=\"video\/mp4\" src=\"https:\/\/parafia-lipusz.pl\/wp-content\/uploads\/2025\/07\/VID_20250720_150700228.mp4?_=1\" \/><a href=\"https:\/\/parafia-lipusz.pl\/wp-content\/uploads\/2025\/07\/VID_20250720_150700228.mp4\">https:\/\/parafia-lipusz.pl\/wp-content\/uploads\/2025\/07\/VID_20250720_150700228.mp4<\/a><\/video><\/div><\/p>\n","protected":false},"excerpt":{"rendered":"","protected":false},"author":1,"featured_media":0,"parent":0,"menu_order":0,"comment_status":"closed","ping_status":"closed","template":"","meta":{"ngg_post_thumbnail":0,"footnotes":""},"class_list":["post-22809","page","type-page","status-publish","hentry","nodate","item-wrap"],"_links":{"self":[{"href":"https:\/\/parafia-lipusz.pl\/index.php?rest_route=\/wp\/v2\/pages\/22809","targetHints":{"allow":["GET"]}}],"collection":[{"href":"https:\/\/parafia-lipusz.pl\/index.php?rest_route=\/wp\/v2\/pages"}],"about":[{"href":"https:\/\/parafia-lipusz.pl\/index.php?rest_route=\/wp\/v2\/types\/page"}],"author":[{"embeddable":true,"href":"https:\/\/parafia-lipusz.pl\/index.php?rest_route=\/wp\/v2\/users\/1"}],"replies":[{"embeddable":true,"href":"https:\/\/parafia-lipusz.pl\/index.php?rest_route=%2Fwp%2Fv2%2Fcomments&post=22809"}],"version-history":[{"count":0,"href":"https:\/\/parafia-lipusz.pl\/index.php?rest_route=\/wp\/v2\/pages\/22809\/revisions"}],"wp:attachment":[{"href":"https:\/\/parafia-lipusz.pl\/index.php?rest_route=%2Fwp%2Fv2%2Fmedia&parent=22809"}],"curies":[{"name":"wp","href":"https:\/\/api.w.org\/{rel}","templated":true}]}}