{"id":22842,"date":"2025-08-11T10:11:28","date_gmt":"2025-08-11T10:11:28","guid":{"rendered":"https:\/\/parafia-lipusz.pl\/?page_id=22842"},"modified":"2025-08-11T10:32:22","modified_gmt":"2025-08-11T10:32:22","slug":"odpust-przemienienia-panskiego-5","status":"publish","type":"page","link":"https:\/\/parafia-lipusz.pl\/?page_id=22842","title":{"rendered":"Odpust Przemienienia Pa\u0144skiego"},"content":{"rendered":"<p>W dniu 10.08.2024 w naszej parafii odby\u0142 si\u0119&nbsp; Odpust Przemienienia Pa\u0144skiego.<br \/>\nUroczystej Sumie o godz.11.15 przewodniczy\u0142 Ksi\u0105dz Biskup Diecezjalny Ryszard Kasyna.<br \/>\nW\u015br\u00f3d wielu parafian i go\u015bci przyby\u0142a pierwsza piesza pielgrzymka z \u0141ubiany- 30 os\u00f3b.<br \/>\nPo Mszy \u015aw. Ksi\u0105dz biskup pob\u0142ogos\u0142awi\u0142 Oratorium \u015bw. Jana Bosko.<\/p>\nngg_shortcode_0_placeholder\n<p>&nbsp;<\/p>\n","protected":false},"excerpt":{"rendered":"<p>W dniu 10.08.2024 w naszej parafii odby\u0142 si\u0119&nbsp; Odpust Przemienienia Pa\u0144skiego. Uroczystej Sumie o godz.11.15 przewodniczy\u0142 Ksi\u0105dz Biskup Diecezjalny Ryszard Kasyna. W\u015br\u00f3d wielu parafian i go\u015bci przyby\u0142a pierwsza piesza pielgrzymka z \u0141ubiany- 30 os\u00f3b. Po Mszy \u015aw. Ksi\u0105dz biskup pob\u0142ogos\u0142awi\u0142 Oratorium \u015bw. Jana Bosko. &nbsp; &nbsp;<\/p>\n","protected":false},"author":1,"featured_media":0,"parent":0,"menu_order":0,"comment_status":"closed","ping_status":"closed","template":"","meta":{"ngg_post_thumbnail":0,"footnotes":""},"class_list":["post-22842","page","type-page","status-publish","hentry","nodate","item-wrap"],"_links":{"self":[{"href":"https:\/\/parafia-lipusz.pl\/index.php?rest_route=\/wp\/v2\/pages\/22842","targetHints":{"allow":["GET"]}}],"collection":[{"href":"https:\/\/parafia-lipusz.pl\/index.php?rest_route=\/wp\/v2\/pages"}],"about":[{"href":"https:\/\/parafia-lipusz.pl\/index.php?rest_route=\/wp\/v2\/types\/page"}],"author":[{"embeddable":true,"href":"https:\/\/parafia-lipusz.pl\/index.php?rest_route=\/wp\/v2\/users\/1"}],"replies":[{"embeddable":true,"href":"https:\/\/parafia-lipusz.pl\/index.php?rest_route=%2Fwp%2Fv2%2Fcomments&post=22842"}],"version-history":[{"count":0,"href":"https:\/\/parafia-lipusz.pl\/index.php?rest_route=\/wp\/v2\/pages\/22842\/revisions"}],"wp:attachment":[{"href":"https:\/\/parafia-lipusz.pl\/index.php?rest_route=%2Fwp%2Fv2%2Fmedia&parent=22842"}],"curies":[{"name":"wp","href":"https:\/\/api.w.org\/{rel}","templated":true}]}}