{"id":22999,"date":"2025-09-19T09:03:35","date_gmt":"2025-09-19T09:03:35","guid":{"rendered":"https:\/\/parafia-lipusz.pl\/?page_id=22999"},"modified":"2025-09-19T09:03:35","modified_gmt":"2025-09-19T09:03:35","slug":"dozynki-2025","status":"publish","type":"page","link":"https:\/\/parafia-lipusz.pl\/?page_id=22999","title":{"rendered":"Do\u017cynki 2025"},"content":{"rendered":"<p>31 sierpnia podczas Uroczystej Mszy \u015awi\u0119tej o godz. 14.00&nbsp; dzi\u0119kowali\u015bmy Panu Bogu&nbsp; za tegoroczne plony.&nbsp; Starostami do\u017cynek byli Pa\u0144stwo Wies\u0142awa i Stanis\u0142aw Laska ze Szklanej Huty. Wszystkim kt\u00f3rzy wiele serca i trudu w\u0142o\u017cyli w przygotowanie do\u017cynek sk\u0142adamy serdeczne &#8222;B\u00d3G ZAP\u0141A\u0106&#8221;.<\/p>\nngg_shortcode_0_placeholder\n","protected":false},"excerpt":{"rendered":"<p>31 sierpnia podczas Uroczystej Mszy \u015awi\u0119tej o godz. 14.00&nbsp; dzi\u0119kowali\u015bmy Panu Bogu&nbsp; za tegoroczne plony.&nbsp; Starostami do\u017cynek byli Pa\u0144stwo Wies\u0142awa i Stanis\u0142aw Laska ze Szklanej Huty. Wszystkim kt\u00f3rzy wiele serca i trudu w\u0142o\u017cyli w przygotowanie do\u017cynek sk\u0142adamy serdeczne &#8222;B\u00d3G ZAP\u0141A\u0106&#8221;.<\/p>\n","protected":false},"author":1,"featured_media":0,"parent":0,"menu_order":0,"comment_status":"closed","ping_status":"closed","template":"","meta":{"ngg_post_thumbnail":0,"footnotes":""},"class_list":["post-22999","page","type-page","status-publish","hentry","nodate","item-wrap"],"_links":{"self":[{"href":"https:\/\/parafia-lipusz.pl\/index.php?rest_route=\/wp\/v2\/pages\/22999","targetHints":{"allow":["GET"]}}],"collection":[{"href":"https:\/\/parafia-lipusz.pl\/index.php?rest_route=\/wp\/v2\/pages"}],"about":[{"href":"https:\/\/parafia-lipusz.pl\/index.php?rest_route=\/wp\/v2\/types\/page"}],"author":[{"embeddable":true,"href":"https:\/\/parafia-lipusz.pl\/index.php?rest_route=\/wp\/v2\/users\/1"}],"replies":[{"embeddable":true,"href":"https:\/\/parafia-lipusz.pl\/index.php?rest_route=%2Fwp%2Fv2%2Fcomments&post=22999"}],"version-history":[{"count":0,"href":"https:\/\/parafia-lipusz.pl\/index.php?rest_route=\/wp\/v2\/pages\/22999\/revisions"}],"wp:attachment":[{"href":"https:\/\/parafia-lipusz.pl\/index.php?rest_route=%2Fwp%2Fv2%2Fmedia&parent=22999"}],"curies":[{"name":"wp","href":"https:\/\/api.w.org\/{rel}","templated":true}]}}