{"id":24614,"date":"2026-04-21T09:01:07","date_gmt":"2026-04-21T09:01:07","guid":{"rendered":"https:\/\/parafia-lipusz.pl\/?page_id=24614"},"modified":"2026-04-21T09:01:07","modified_gmt":"2026-04-21T09:01:07","slug":"poswiecenie-pokarmow-2026","status":"publish","type":"page","link":"https:\/\/parafia-lipusz.pl\/?page_id=24614","title":{"rendered":"po\u015bwi\u0119cenie pokarm\u00f3w 2026"},"content":{"rendered":"ngg_shortcode_0_placeholder\n","protected":false},"excerpt":{"rendered":"","protected":false},"author":1,"featured_media":0,"parent":0,"menu_order":0,"comment_status":"closed","ping_status":"closed","template":"","meta":{"ngg_post_thumbnail":0,"footnotes":""},"class_list":["post-24614","page","type-page","status-publish","hentry","nodate","item-wrap"],"_links":{"self":[{"href":"https:\/\/parafia-lipusz.pl\/index.php?rest_route=\/wp\/v2\/pages\/24614","targetHints":{"allow":["GET"]}}],"collection":[{"href":"https:\/\/parafia-lipusz.pl\/index.php?rest_route=\/wp\/v2\/pages"}],"about":[{"href":"https:\/\/parafia-lipusz.pl\/index.php?rest_route=\/wp\/v2\/types\/page"}],"author":[{"embeddable":true,"href":"https:\/\/parafia-lipusz.pl\/index.php?rest_route=\/wp\/v2\/users\/1"}],"replies":[{"embeddable":true,"href":"https:\/\/parafia-lipusz.pl\/index.php?rest_route=%2Fwp%2Fv2%2Fcomments&post=24614"}],"version-history":[{"count":2,"href":"https:\/\/parafia-lipusz.pl\/index.php?rest_route=\/wp\/v2\/pages\/24614\/revisions"}],"predecessor-version":[{"id":24616,"href":"https:\/\/parafia-lipusz.pl\/index.php?rest_route=\/wp\/v2\/pages\/24614\/revisions\/24616"}],"wp:attachment":[{"href":"https:\/\/parafia-lipusz.pl\/index.php?rest_route=%2Fwp%2Fv2%2Fmedia&parent=24614"}],"curies":[{"name":"wp","href":"https:\/\/api.w.org\/{rel}","templated":true}]}}